{"id":14174,"date":"2018-02-28T07:42:07","date_gmt":"2018-02-28T06:42:07","guid":{"rendered":"https:\/\/munis-minibus.com\/kontakt\/"},"modified":"2025-11-21T10:29:38","modified_gmt":"2025-11-21T09:29:38","slug":"contact","status":"publish","type":"page","link":"https:\/\/munis-minibus.com\/en\/contact\/","title":{"rendered":"Contact"},"content":{"rendered":"<div class=\"wpb-content-wrapper\"><p>[vc_row full_width=&#8221;stretch_row_content&#8221; gap=&#8221;56&#8243; css=&#8221;.vc_custom_1763717321924{margin-right: 50px !important;margin-left: 50px !important;padding-top: 40px !important;padding-bottom: 40px !important;}&#8221;][vc_column animation_delay=&#8221;0&#8243; offset=&#8221;vc_col-lg-8 vc_col-md-8 vc_col-xs-12&#8243;]<h3 id=\"et-animated-title-1\" class=\"et-animated-title et-clearfix  letter-direct\" data-mobile-font=\"inherit\" data-tablet-font=\"inherit\" data-delay=\"200\" style=\"font-size:24px;font-weight:700;line-height:32px;color:#c59d5f;\"><span class=\"text-wrapper\"><span class=\"text\">Pi\u0161ite nam<\/span><\/span><\/h3><div class=\"gap et-clearfix \" style=\"height:32px\"><\/div><div class=\"et-simple-braket-block-wrapper\"><style>#et-simple-braket-block-1 .braket-text {font-size:24px;font-weight:400;line-height:32px;}#et-simple-braket-block-1 .braket > div  {background-color:#c59d5f;}<\/style><div id=\"et-simple-braket-block-1\" class=\"et-simple-braket-block \"><div class=\"braket\"><div><\/div><div><\/div><div><\/div><\/div><div class=\"braket-text\" data-mobile-font=\"inherit\" data-tablet-font=\"inherit\">Po\u0161aljite nam va\u0161 upit \u2013 sa zadovoljstvom vam \u0161aljemo ponudu. Na\u0161a re\u0161enja su prilago\u0111ena va\u0161im individualnim zahtevima.<\/div><\/div><\/div>[\/vc_column][\/vc_row][vc_row css=&#8221;.vc_custom_1763717376057{padding-top: 24px !important;padding-bottom: 24px !important;}&#8221;][vc_column width=&#8221;1\/6&#8243;][\/vc_column][vc_column animation_delay=&#8221;0&#8243; width=&#8221;2\/3&#8243; el_class=&#8221;contact-form-button-full&#8221;]\n<div class=\"wpcf7 no-js\" id=\"wpcf7-f13885-o1\" lang=\"en-US\" dir=\"ltr\" data-wpcf7-id=\"13885\">\n<div class=\"screen-reader-response\"><p role=\"status\" aria-live=\"polite\" aria-atomic=\"true\"><\/p> <ul><\/ul><\/div>\n<form action=\"\/en\/wp-json\/wp\/v2\/pages\/14174#wpcf7-f13885-o1\" method=\"post\" class=\"wpcf7-form init\" aria-label=\"Contact form\" novalidate=\"novalidate\" data-status=\"init\">\n<fieldset class=\"hidden-fields-container\"><input type=\"hidden\" name=\"_wpcf7\" value=\"13885\" \/><input type=\"hidden\" name=\"_wpcf7_version\" value=\"6.1.4\" \/><input type=\"hidden\" name=\"_wpcf7_locale\" value=\"en_US\" \/><input type=\"hidden\" name=\"_wpcf7_unit_tag\" value=\"wpcf7-f13885-o1\" \/><input type=\"hidden\" name=\"_wpcf7_container_post\" value=\"0\" \/><input type=\"hidden\" name=\"_wpcf7_posted_data_hash\" value=\"\" \/>\n<\/fieldset>\n<p><span class=\"wpcf7-form-control-wrap\" data-name=\"country\"><select class=\"wpcf7-form-control wpcf7-select wpcf7-validates-as-required\" aria-required=\"true\" aria-invalid=\"false\" name=\"country\"><option value=\"Izaberite uslugu\">Izaberite uslugu<\/option><option value=\"Aerodromski transfer\">Aerodromski transfer<\/option><option value=\"Razgledanje grada\">Razgledanje grada<\/option><option value=\"Turisti\u010dke vo\u017enje\">Turisti\u010dke vo\u017enje<\/option><option value=\"Poslovna putovanja\">Poslovna putovanja<\/option><option value=\"Proslave i posebne prilike\">Proslave i posebne prilike<\/option><option value=\"Drugo\">Drugo<\/option><\/select><\/span><span class=\"wpcf7-form-control-wrap\" data-name=\"your-name\"><input size=\"40\" maxlength=\"400\" class=\"wpcf7-form-control wpcf7-text wpcf7-validates-as-required\" aria-required=\"true\" aria-invalid=\"false\" placeholder=\"Ime i prezime\" value=\"\" type=\"text\" name=\"your-name\" \/><\/span><span class=\"wpcf7-form-control-wrap\" data-name=\"your-email\"><input size=\"40\" maxlength=\"400\" class=\"wpcf7-form-control wpcf7-email wpcf7-validates-as-required wpcf7-text wpcf7-validates-as-email\" aria-required=\"true\" aria-invalid=\"false\" placeholder=\"Email adresa\" value=\"\" type=\"email\" name=\"your-email\" \/><\/span><span class=\"wpcf7-form-control-wrap\" data-name=\"phone\"><input size=\"40\" maxlength=\"400\" class=\"wpcf7-form-control wpcf7-tel wpcf7-validates-as-required wpcf7-text wpcf7-validates-as-tel\" aria-required=\"true\" aria-invalid=\"false\" placeholder=\"Broj telefona\" value=\"\" type=\"tel\" name=\"phone\" \/><\/span><span class=\"wpcf7-form-control-wrap\" data-name=\"your-message\"><textarea cols=\"40\" rows=\"10\" maxlength=\"2000\" class=\"wpcf7-form-control wpcf7-textarea\" aria-invalid=\"false\" placeholder=\"Poruka\/upit\" name=\"your-message\"><\/textarea><\/span><input class=\"wpcf7-form-control wpcf7-submit has-spinner\" type=\"submit\" value=\"Po\u0161alji poruku\/upit\" \/>\n<\/p><div class=\"wpcf7-response-output\" aria-hidden=\"true\"><\/div>\n<\/form>\n<\/div>\n[\/vc_column][vc_column width=&#8221;1\/6&#8243;][\/vc_column][\/vc_row][vc_row full_width=&#8221;stretch_row&#8221; gap=&#8221;40&#8243; css=&#8221;.vc_custom_1547829357546{padding-top: 96px !important;padding-bottom: 72px !important;background-color: #c59d5f !important;background-position: center !important;background-repeat: no-repeat !important;background-size: cover !important;}&#8221;][vc_column animation_delay=&#8221;0&#8243; css_animation=&#8221;bottom-to-top&#8221; width=&#8221;1\/3&#8243; el_class=&#8221;text-align-center&#8221;]<div class=\"et-el-icon large \" style=\"color:#ffffff;\"><span class=\"el-icon fa fa-map-marker-alt animate-false\"><\/span><\/div><div class=\"gap et-clearfix \" style=\"height:16px\"><\/div>[vc_custom_heading text=&#8221;ADRESA&#8221; font_container=&#8221;tag:h6|font_size:18px|text_align:center|color:%23ffffff|line_height:32px&#8221; use_theme_fonts=&#8221;yes&#8221; css=&#8221;.vc_custom_1547829383372{margin-bottom: 0px !important;}&#8221;][vc_custom_heading text=&#8221;Ba\u0161tovanska 49, 11040 Beograd, Srbija&#8221; font_container=&#8221;tag:p|font_size:18px|text_align:center|color:%23ffffff|line_height:32px&#8221; use_theme_fonts=&#8221;yes&#8221; css=&#8221;.vc_custom_1547829404445{margin-bottom: 0px !important;}&#8221;][\/vc_column][vc_column animation_delay=&#8221;150&#8243; css_animation=&#8221;bottom-to-top&#8221; width=&#8221;1\/3&#8243; el_class=&#8221;text-align-center&#8221;]<div class=\"et-el-icon large \" style=\"color:#ffffff;\"><span class=\"el-icon fa fa-phone animate-false\"><\/span><\/div><div class=\"gap et-clearfix \" style=\"height:16px\"><\/div>[vc_custom_heading text=&#8221;TELEFON&#8221; font_container=&#8221;tag:h6|font_size:18px|text_align:center|color:%23ffffff|line_height:32px&#8221; use_theme_fonts=&#8221;yes&#8221; css=&#8221;.vc_custom_1547829377716{margin-bottom: 0px !important;}&#8221;][vc_custom_heading text=&#8221;+381 64 88 77 887&#8243; font_container=&#8221;tag:p|font_size:18px|text_align:center|color:%23ffffff|line_height:32px&#8221; use_theme_fonts=&#8221;yes&#8221; css=&#8221;.vc_custom_1548283633209{margin-bottom: 0px !important;}&#8221; link=&#8221;url:tel%3A0648877887|&#8221;][vc_custom_heading text=&#8221;Viber, Whatsapp&#8221; font_container=&#8221;tag:p|font_size:18px|text_align:center|color:%23ffffff|line_height:32px&#8221; use_theme_fonts=&#8221;yes&#8221; css=&#8221;.vc_custom_1548756534151{margin-bottom: 0px !important;}&#8221; link=&#8221;|||&#8221;][\/vc_column][vc_column animation_delay=&#8221;300&#8243; css_animation=&#8221;bottom-to-top&#8221; width=&#8221;1\/3&#8243; el_class=&#8221;text-align-center&#8221;]<div class=\"et-el-icon large \" style=\"color:#ffffff;\"><span class=\"el-icon fa fa-envelope-open animate-false\"><\/span><\/div><div class=\"gap et-clearfix \" style=\"height:16px\"><\/div>[vc_custom_heading text=&#8221;EMAIL&#8221; font_container=&#8221;tag:h6|font_size:18px|text_align:center|color:%23ffffff|line_height:32px&#8221; use_theme_fonts=&#8221;yes&#8221; css=&#8221;.vc_custom_1532443425197{margin-bottom: 0px !important;}&#8221;][vc_custom_heading text=&#8221;minibusmunis@gmail.com&#8221; font_container=&#8221;tag:p|font_size:18px|text_align:center|color:%23ffffff|line_height:32px&#8221; use_theme_fonts=&#8221;yes&#8221; css=&#8221;.vc_custom_1547829434916{margin-bottom: 0px !important;}&#8221; link=&#8221;url:mailto%3Aminibusmunis%40gmail.com|&#8221;][\/vc_column][\/vc_row]<\/p>\n<\/div>","protected":false},"excerpt":{"rendered":"<p>Leverage agile frameworks to provide a robust synopsis for high level overviews. Iterative approaches to corporate strategy foster collaborative thinking to further the overall value proposition. Organically grow the holistic world view of disruptive innovation via workplace diversity and empowerment.<\/p>\n","protected":false},"author":1,"featured_media":0,"parent":0,"menu_order":0,"comment_status":"closed","ping_status":"closed","template":"page-vc.php","meta":{"footnotes":""},"class_list":["post-14174","page","type-page","status-publish","hentry"],"_links":{"self":[{"href":"https:\/\/munis-minibus.com\/en\/wp-json\/wp\/v2\/pages\/14174","targetHints":{"allow":["GET"]}}],"collection":[{"href":"https:\/\/munis-minibus.com\/en\/wp-json\/wp\/v2\/pages"}],"about":[{"href":"https:\/\/munis-minibus.com\/en\/wp-json\/wp\/v2\/types\/page"}],"author":[{"embeddable":true,"href":"https:\/\/munis-minibus.com\/en\/wp-json\/wp\/v2\/users\/1"}],"replies":[{"embeddable":true,"href":"https:\/\/munis-minibus.com\/en\/wp-json\/wp\/v2\/comments?post=14174"}],"version-history":[{"count":12,"href":"https:\/\/munis-minibus.com\/en\/wp-json\/wp\/v2\/pages\/14174\/revisions"}],"predecessor-version":[{"id":14503,"href":"https:\/\/munis-minibus.com\/en\/wp-json\/wp\/v2\/pages\/14174\/revisions\/14503"}],"wp:attachment":[{"href":"https:\/\/munis-minibus.com\/en\/wp-json\/wp\/v2\/media?parent=14174"}],"curies":[{"name":"wp","href":"https:\/\/api.w.org\/{rel}","templated":true}]}}