{"id":14191,"date":"2019-01-22T16:20:24","date_gmt":"2019-01-22T15:20:24","guid":{"rendered":"https:\/\/munis-minibus.com\/turisticke-voznje\/"},"modified":"2019-02-06T13:49:27","modified_gmt":"2019-02-06T12:49:27","slug":"tourist-rides","status":"publish","type":"page","link":"https:\/\/munis-minibus.com\/en\/tourist-rides\/","title":{"rendered":"Tourist rides"},"content":{"rendered":"<div class=\"wpb-content-wrapper\"><p>[vc_section][vc_row gap=&#8221;0&#8243; css=&#8221;.vc_custom_1531843586639{padding-top: 96px !important;}&#8221;][vc_column animation_delay=&#8221;0&#8243; offset=&#8221;vc_col-lg-6 vc_col-md-8 vc_col-xs-12&#8243;]<h3 id=\"et-animated-title-1\" class=\"et-animated-title et-clearfix  words-direct\" data-mobile-font=\"32px\" data-tablet-font=\"inherit\" data-delay=\"100\" style=\"font-size:48px;font-weight:700;line-height:56px;color:#212121;\"><span class=\"text-wrapper\"><span class=\"text\">Minibus tourist rides<\/span><\/span><\/h3>[\/vc_column][vc_column animation_delay=&#8221;0&#8243; width=&#8221;1\/2&#8243; offset=&#8221;vc_hidden-lg vc_hidden-md vc_hidden-sm vc_hidden-xs&#8221;][\/vc_column][\/vc_row][vc_row gap=&#8221;80&#8243; content_placement=&#8221;middle&#8221; css_animation=&#8221;fadeIn&#8221; css=&#8221;.vc_custom_1532424606103{padding-top: 40px !important;padding-bottom: 64px !important;}&#8221;][vc_column animation_delay=&#8221;0&#8243; offset=&#8221;vc_col-lg-6 vc_col-md-6 vc_col-xs-12&#8243;][vc_column_text]<\/p>\n<p style=\"font-size: 24px; line-height: 32px;\">Munis Tours carries out transportation of domestic and foreign tourists by minibuses in Belgrade, Serbia and abroad.<\/p>\n<p style=\"font-size: 18px; line-height: 32px;\">Tourist transportation can be individual or organized with a licensed guide. Whether you are travelling as a group or individually you can rent a minibus for daily excursions or for several day trips to all tourist centers in Serbia and abroad.<\/p>\n<p style=\"font-size: 18px; line-height: 32px;\">Minibus vehicles are ideal for transporting a group of passengers who are traveling together. Our vehicles are the latest generation Mercedes Sprinter and each of them has air conditioning, microphone, Wi-Fi, Bluetooth, USB sockets, panoramic windows to make every trip pleasurable.<\/p>\n<p style=\"font-size: 18px; line-height: 32px;\">We offer minibus transportation (tours) to Novi Sad, Sremski Karlovci, Petrovaradin Fortress as well as transport (tours) to ski centers Kopaonik, Zlatibor, Tara, Stara Planina. Minibus transport (tours) to spas monasteries and wineries and to Serbia\u2019s famous tourist destinations such as Uvac Special Nature Reserve, Sargan Eight, Andri\u0107 city, Drvengrad, \u0110avolja Varo\u0161 (Devil\u2019s Town).<\/p>\n<p>[\/vc_column_text][\/vc_column][vc_column animation_delay=&#8221;0&#8243; offset=&#8221;vc_col-lg-6 vc_col-md-6 vc_col-xs-12&#8243;]<div id=\"image-slider-1\" data-columns=\"1\" class=\"et-image-slider carousel\"><ul id=\"image-slider-slides-1\" data-columns=\"1\" class=\"image-slider-slides owl-carousel et-clearfix\"><li class=\"et-slider-item\"><div class=\"overlay-hover\"><a data-lightbox-gallery=\"image-slider-1\" href=\"https:\/\/munis-minibus.com\/wp-content\/uploads\/2019\/01\/turist.jpg\"><div class=\"image-container\"><img loading=\"lazy\" decoding=\"async\" width=\"675\" alt=\"\" height=\"900\" src=\"https:\/\/munis-minibus.com\/wp-content\/uploads\/2019\/01\/turist.jpg\"><\/div><\/a><\/div><\/li><\/ul><\/div>[\/vc_column][\/vc_row][\/vc_section]<\/p>\n<\/div>","protected":false},"excerpt":{"rendered":"<p>Leverage agile frameworks to provide a robust synopsis for high level overviews. Iterative approaches to corporate strategy foster collaborative thinking to further the overall value proposition. Organically grow the holistic world view of disruptive innovation via workplace diversity and empowerment.<\/p>\n","protected":false},"author":1,"featured_media":0,"parent":0,"menu_order":0,"comment_status":"closed","ping_status":"closed","template":"page-vc.php","meta":{"footnotes":""},"class_list":["post-14191","page","type-page","status-publish","hentry"],"_links":{"self":[{"href":"https:\/\/munis-minibus.com\/en\/wp-json\/wp\/v2\/pages\/14191","targetHints":{"allow":["GET"]}}],"collection":[{"href":"https:\/\/munis-minibus.com\/en\/wp-json\/wp\/v2\/pages"}],"about":[{"href":"https:\/\/munis-minibus.com\/en\/wp-json\/wp\/v2\/types\/page"}],"author":[{"embeddable":true,"href":"https:\/\/munis-minibus.com\/en\/wp-json\/wp\/v2\/users\/1"}],"replies":[{"embeddable":true,"href":"https:\/\/munis-minibus.com\/en\/wp-json\/wp\/v2\/comments?post=14191"}],"version-history":[{"count":1,"href":"https:\/\/munis-minibus.com\/en\/wp-json\/wp\/v2\/pages\/14191\/revisions"}],"predecessor-version":[{"id":14199,"href":"https:\/\/munis-minibus.com\/en\/wp-json\/wp\/v2\/pages\/14191\/revisions\/14199"}],"wp:attachment":[{"href":"https:\/\/munis-minibus.com\/en\/wp-json\/wp\/v2\/media?parent=14191"}],"curies":[{"name":"wp","href":"https:\/\/api.w.org\/{rel}","templated":true}]}}